{"id":124,"date":"2024-08-14T20:24:52","date_gmt":"2024-08-14T18:24:52","guid":{"rendered":"http:\/\/koerner-sachverstaendiger.de\/?page_id=124"},"modified":"2024-08-22T18:57:12","modified_gmt":"2024-08-22T16:57:12","slug":"elementor-124","status":"publish","type":"page","link":"https:\/\/koerner-sachverstaendiger.de\/?page_id=124","title":{"rendered":"Impressum"},"content":{"rendered":"\t\t<div data-elementor-type=\"wp-page\" data-elementor-id=\"124\" class=\"elementor elementor-124\" data-elementor-post-type=\"page\">\n\t\t\t\t<div class=\"elementor-element elementor-element-8bccabf e-flex e-con-boxed e-con e-parent\" data-id=\"8bccabf\" data-element_type=\"container\">\n\t\t\t\t\t<div class=\"e-con-inner\">\n\t\t\t\t<div class=\"elementor-element elementor-element-619cdeb elementor-widget elementor-widget-text-editor\" data-id=\"619cdeb\" data-element_type=\"widget\" data-widget_type=\"text-editor.default\">\n\t\t\t\t<div class=\"elementor-widget-container\">\n\t\t\t\t\t\t\t\t\t<p><span style=\"font-family: ebrima;\">Angaben gem\u00e4\u00df \u00a7 5 TMG<\/span><\/p><p><span style=\"font-family: ebrima;\">Marco K\u00f6rner<\/span><br \/><span style=\"font-family: ebrima;\">Sachverst\u00e4ndiger f\u00fcr Haus- und Geb\u00e4udetechnik<\/span><\/p><p>Bl\u00fccherweg 35<br \/><span style=\"font-family: ebrima;\">58511 L\u00fcdenscheid<\/span><\/p><p><span style=\"font-family: ebrima;\">kontakt@koerner-sachverstaendiger.de<\/span><\/p><p>Mobil: +49 1577 3720 889<\/p><p><span style=\"font-family: ebrima;\">Berufsbezeichnung und berufsrechtliche Regelungen<\/span><br \/><span style=\"font-family: ebrima;\">Berufsbezeichnung:<\/span><\/p><p><span style=\"font-family: ebrima;\">Sachverst\u00e4ndiger f\u00fcr Haus- und Geb\u00e4udetechnik<\/span><\/p><p>Sanit\u00e4r- und Heizungsbaumeister<\/p><p><br \/><span style=\"font-family: ebrima;\">Verliehen in:<\/span><br \/><span style=\"font-family: ebrima;\">Deutschland<\/span><\/p><p><span style=\"font-family: ebrima;\">EU-Streitschlichtung<\/span><br \/><span style=\"font-family: ebrima;\">Die Europ\u00e4ische Kommission stellt eine Plattform zur Online-Streitbeilegung (OS) bereit:<\/span><br \/><span style=\"font-family: ebrima;\">https:\/\/ec.europa.eu\/consumers\/odr\/.<\/span><br \/><span style=\"font-family: ebrima;\">Unsere E-Mail-Adresse finden Sie oben im Impressum.<\/span><br \/><span style=\"font-family: ebrima;\">Verbraucherstreitbeilegung\/Universalschlichtungsstelle<\/span><br \/><span style=\"font-family: ebrima;\">Wir sind nicht bereit oder verpflichtet, an Streitbeilegungsverfahren vor einer<\/span><br \/><span style=\"font-family: ebrima;\">Verbraucherschlichtungsstelle teilzunehmen.<\/span><br \/><span style=\"font-family: ebrima;\">Quelle:<\/span><br \/><span style=\"font-family: ebrima;\">https:\/\/www.e-recht24.de<\/span><\/p><p>Bilder: Standartlizenz istockphoto.com<\/p>\t\t\t\t\t\t\t\t<\/div>\n\t\t\t\t<\/div>\n\t\t\t\t\t<\/div>\n\t\t\t\t<\/div>\n\t\t\t\t<\/div>\n\t\t","protected":false},"excerpt":{"rendered":"<p>Angaben gem\u00e4\u00df \u00a7 5 TMG Marco K\u00f6rnerSachverst\u00e4ndiger f\u00fcr Haus- und Geb\u00e4udetechnik Bl\u00fccherweg 3558511 L\u00fcdenscheid kontakt@koerner-sachverstaendiger.de Mobil: +49 1577 3720 889 Berufsbezeichnung und berufsrechtliche RegelungenBerufsbezeichnung: Sachverst\u00e4ndiger f\u00fcr Haus- und Geb\u00e4udetechnik Sanit\u00e4r- und Heizungsbaumeister Verliehen in:Deutschland EU-StreitschlichtungDie Europ\u00e4ische Kommission stellt eine Plattform zur Online-Streitbeilegung (OS) bereit:https:\/\/ec.europa.eu\/consumers\/odr\/.Unsere E-Mail-Adresse finden Sie oben im Impressum.Verbraucherstreitbeilegung\/UniversalschlichtungsstelleWir sind nicht bereit oder verpflichtet, [&hellip;]<\/p>\n","protected":false},"author":1,"featured_media":0,"parent":0,"menu_order":0,"comment_status":"closed","ping_status":"closed","template":"","meta":{"footnotes":""},"class_list":["post-124","page","type-page","status-publish","hentry"],"_links":{"self":[{"href":"https:\/\/koerner-sachverstaendiger.de\/index.php?rest_route=\/wp\/v2\/pages\/124","targetHints":{"allow":["GET"]}}],"collection":[{"href":"https:\/\/koerner-sachverstaendiger.de\/index.php?rest_route=\/wp\/v2\/pages"}],"about":[{"href":"https:\/\/koerner-sachverstaendiger.de\/index.php?rest_route=\/wp\/v2\/types\/page"}],"author":[{"embeddable":true,"href":"https:\/\/koerner-sachverstaendiger.de\/index.php?rest_route=\/wp\/v2\/users\/1"}],"replies":[{"embeddable":true,"href":"https:\/\/koerner-sachverstaendiger.de\/index.php?rest_route=%2Fwp%2Fv2%2Fcomments&post=124"}],"version-history":[{"count":10,"href":"https:\/\/koerner-sachverstaendiger.de\/index.php?rest_route=\/wp\/v2\/pages\/124\/revisions"}],"predecessor-version":[{"id":256,"href":"https:\/\/koerner-sachverstaendiger.de\/index.php?rest_route=\/wp\/v2\/pages\/124\/revisions\/256"}],"wp:attachment":[{"href":"https:\/\/koerner-sachverstaendiger.de\/index.php?rest_route=%2Fwp%2Fv2%2Fmedia&parent=124"}],"curies":[{"name":"wp","href":"https:\/\/api.w.org\/{rel}","templated":true}]}}