{"id":2,"date":"2024-08-13T14:00:14","date_gmt":"2024-08-13T14:00:14","guid":{"rendered":"http:\/\/koerner-sachverstaendiger.de\/?page_id=2"},"modified":"2024-11-05T21:23:40","modified_gmt":"2024-11-05T20:23:40","slug":"sample-page","status":"publish","type":"page","link":"https:\/\/koerner-sachverstaendiger.de\/","title":{"rendered":"Startseite"},"content":{"rendered":"\t\t<div data-elementor-type=\"wp-page\" data-elementor-id=\"2\" class=\"elementor elementor-2\" data-elementor-post-type=\"page\">\n\t\t\t\t<div class=\"elementor-element elementor-element-c1b8fb6 e-flex e-con-boxed e-con e-parent\" data-id=\"c1b8fb6\" data-element_type=\"container\">\n\t\t\t\t\t<div class=\"e-con-inner\">\n\t\t\t\t<div class=\"elementor-element elementor-element-28c6e39 elementor-widget elementor-widget-spacer\" data-id=\"28c6e39\" data-element_type=\"widget\" data-widget_type=\"spacer.default\">\n\t\t\t\t<div class=\"elementor-widget-container\">\n\t\t\t\t\t\t\t<div class=\"elementor-spacer\">\n\t\t\t<div class=\"elementor-spacer-inner\"><\/div>\n\t\t<\/div>\n\t\t\t\t\t\t<\/div>\n\t\t\t\t<\/div>\n\t\t\t\t\t<\/div>\n\t\t\t\t<\/div>\n\t\t<div class=\"elementor-element elementor-element-53ffb9e e-con-full e-flex e-con e-parent\" data-id=\"53ffb9e\" data-element_type=\"container\">\n\t\t\t\t<div class=\"elementor-element elementor-element-aa7d222 elementor--h-position-center elementor--v-position-middle elementor-arrows-position-inside elementor-widget elementor-widget-slides\" data-id=\"aa7d222\" data-element_type=\"widget\" data-settings=\"{&quot;navigation&quot;:&quot;arrows&quot;,&quot;autoplay&quot;:&quot;yes&quot;,&quot;pause_on_hover&quot;:&quot;yes&quot;,&quot;pause_on_interaction&quot;:&quot;yes&quot;,&quot;autoplay_speed&quot;:5000,&quot;infinite&quot;:&quot;yes&quot;,&quot;transition&quot;:&quot;slide&quot;,&quot;transition_speed&quot;:500}\" data-widget_type=\"slides.default\">\n\t\t\t\t<div class=\"elementor-widget-container\">\n\t\t\t\t\t\t\t\t\t<div class=\"elementor-swiper\">\n\t\t\t\t\t<div class=\"elementor-slides-wrapper elementor-main-swiper swiper\" role=\"region\" aria-roledescription=\"carousel\" aria-label=\"Slider\" dir=\"ltr\" data-animation=\"zoomIn\">\n\t\t\t\t<div class=\"swiper-wrapper elementor-slides\">\n\t\t\t\t\t\t\t\t\t\t<div class=\"elementor-repeater-item-6ea1f6d swiper-slide\" role=\"group\" aria-roledescription=\"slide\"><div class=\"swiper-slide-bg elementor-ken-burns elementor-ken-burns--in\" role=\"img\" aria-label=\"Air conditioning, technician or engineer on roof for maintenance, building or construction of fan hvac repair. Air conditioner, handyman or worker with tools working on a city development project job\"><\/div><div class=\"elementor-background-overlay\"><\/div><a class=\"swiper-slide-inner\" href=\"https:\/\/koerner-sachverstaendiger.de\/?page_id=442\"><div class=\"swiper-slide-contents\"><div class=\"elementor-slide-heading\">Baubegleitende Qualit\u00e4tskontrolle<\/div><div class=\"elementor-slide-description\">Baubegleitung: Regelm\u00e4\u00dfige \u00dcberpr\u00fcfung der Bauausf\u00fchrung im Bereich der Geb\u00e4udetechnik w\u00e4hrend der Bauphase, um die Einhaltung der technischen Normen und Qualit\u00e4tsstandards sicherzustellen.\nM\u00e4ngelerkennung: Fr\u00fchzeitiges Erkennen von Baum\u00e4ngeln und Abweichungen vom Bauplan, um kostspielige Nachbesserungen zu vermeiden.\nAbnahmepr\u00fcfung: Unterst\u00fctzung bei der Bauabnahme, einschlie\u00dflich der Kontrolle von Installationen und Systemen der Geb\u00e4udetechnik.<\/div><div  class=\"elementor-button elementor-slide-button elementor-size-sm\">Portfolio<\/div><\/div><\/a><\/div><div class=\"elementor-repeater-item-dbc9843 swiper-slide\" role=\"group\" aria-roledescription=\"slide\"><div class=\"swiper-slide-bg elementor-ken-burns elementor-ken-burns--in\" role=\"img\" aria-label=\"House with ith man holding magnifying glass concept for home inspection or searching for a new house\"><\/div><div class=\"elementor-background-overlay\"><\/div><a class=\"swiper-slide-inner\" href=\"https:\/\/koerner-sachverstaendiger.de\/?page_id=442\"><div class=\"swiper-slide-contents\"><div class=\"elementor-slide-heading\">Objektbegutachtung und Schadensanalyse<\/div><div class=\"elementor-slide-description\">Visuelle Inspektion: Durchf\u00fchrung einer umfassenden visuellen Inspektion des Geb\u00e4udes zur Identifizierung von Baum\u00e4ngeln, Sch\u00e4den und Abnutzungserscheinungen an der Geb\u00e4udetechnik.\nSchadensbewertung: Analyse und Bewertung der festgestellten Sch\u00e4den, einschlie\u00dflich der Ursachenforschung und Risikoeinsch\u00e4tzung.\nBerichterstellung: Detaillierte Dokumentation der Inspektionsergebnisse in einem Gutachten, mit klaren Empfehlungen f\u00fcr notwendige Sanierungsma\u00dfnahmen.<\/div><div  class=\"elementor-button elementor-slide-button elementor-size-sm\">Portfolio<\/div><\/div><\/a><\/div><div class=\"elementor-repeater-item-7823cd9 swiper-slide\" role=\"group\" aria-roledescription=\"slide\"><div class=\"swiper-slide-bg elementor-ken-burns elementor-ken-burns--in\" role=\"img\" aria-label=\"Energy efficiency rating labels promoting low consumption and efficient products to reduce carbon footprint. Lower CO2 emissions with efficient home and appliances. Green eco-friendly business.\"><\/div><div class=\"elementor-background-overlay\"><\/div><a class=\"swiper-slide-inner\" href=\"https:\/\/koerner-sachverstaendiger.de\/?page_id=442\"><div class=\"swiper-slide-contents\"><div class=\"elementor-slide-heading\">Bewertung von Bestandsgeb\u00e4uden<\/div><div class=\"elementor-slide-description\">Zustandsbewertung: \u00dcberpr\u00fcfung des technischen Zustands von Bestandsgeb\u00e4uden, insbesondere der haustechnischen Anlagen wie Heizung, L\u00fcftung, Sanit\u00e4r und Elektroinstallationen.\nWertgutachten: Erstellung von Gutachten zur Wertermittlung von Geb\u00e4uden unter Ber\u00fccksichtigung des technischen Zustands und der Geb\u00e4udetechnik.<\/div><div  class=\"elementor-button elementor-slide-button elementor-size-sm\">Portfolio<\/div><\/div><\/a><\/div><div class=\"elementor-repeater-item-3c4855e swiper-slide\" role=\"group\" aria-roledescription=\"slide\"><div class=\"swiper-slide-bg elementor-ken-burns elementor-ken-burns--in\" role=\"img\" aria-label=\"close-up view of person holding wallet with cash next to turned down thermostat on radiator, rising energy and heating costs concept\"><\/div><div class=\"elementor-background-overlay\"><\/div><a class=\"swiper-slide-inner\" href=\"https:\/\/koerner-sachverstaendiger.de\/?page_id=442\"><div class=\"swiper-slide-contents\"><div class=\"elementor-slide-heading\">Beratung und Unterst\u00fctzung bei Streitf\u00e4llen<\/div><div class=\"elementor-slide-description\">Erstellung von neutralen Gutachten zur Kl\u00e4rung von Streitf\u00e4llen zwischen Bauherren, Auftraggebern und Handwerksbetrieben.<\/div><div  class=\"elementor-button elementor-slide-button elementor-size-sm\">Portfolio<\/div><\/div><\/a><\/div>\t\t\t\t<\/div>\n\t\t\t\t\t\t\t\t\t\t\t\t\t\t\t<div class=\"elementor-swiper-button elementor-swiper-button-prev\" role=\"button\" tabindex=\"0\" aria-label=\"Vorheriger Slide\">\n\t\t\t\t\t\t\t<svg aria-hidden=\"true\" class=\"e-font-icon-svg e-eicon-chevron-left\" viewBox=\"0 0 1000 1000\" xmlns=\"http:\/\/www.w3.org\/2000\/svg\"><path d=\"M646 125C629 125 613 133 604 142L308 442C296 454 292 471 292 487 292 504 296 521 308 533L604 854C617 867 629 875 646 875 663 875 679 871 692 858 704 846 713 829 713 812 713 796 708 779 692 767L438 487 692 225C700 217 708 204 708 187 708 171 704 154 692 142 675 129 663 125 646 125Z\"><\/path><\/svg>\t\t\t\t\t\t<\/div>\n\t\t\t\t\t\t<div class=\"elementor-swiper-button elementor-swiper-button-next\" role=\"button\" tabindex=\"0\" aria-label=\"N\u00e4chster Slide\">\n\t\t\t\t\t\t\t<svg aria-hidden=\"true\" class=\"e-font-icon-svg e-eicon-chevron-right\" viewBox=\"0 0 1000 1000\" xmlns=\"http:\/\/www.w3.org\/2000\/svg\"><path d=\"M696 533C708 521 713 504 713 487 713 471 708 454 696 446L400 146C388 133 375 125 354 125 338 125 325 129 313 142 300 154 292 171 292 187 292 204 296 221 308 233L563 492 304 771C292 783 288 800 288 817 288 833 296 850 308 863 321 871 338 875 354 875 371 875 388 867 400 854L696 533Z\"><\/path><\/svg>\t\t\t\t\t\t<\/div>\n\t\t\t\t\t\t\t\t\t\t\t\t\t\t\t\t\t<\/div>\n\t\t\t\t<\/div>\n\t\t\t\t\t\t\t\t<\/div>\n\t\t\t\t<\/div>\n\t\t\t\t<\/div>\n\t\t<div class=\"elementor-element elementor-element-c150b31 e-flex e-con-boxed e-con e-parent\" data-id=\"c150b31\" data-element_type=\"container\">\n\t\t\t\t\t<div class=\"e-con-inner\">\n\t\t\t\t<div class=\"elementor-element elementor-element-feb6b70 elementor-widget elementor-widget-spacer\" data-id=\"feb6b70\" data-element_type=\"widget\" data-widget_type=\"spacer.default\">\n\t\t\t\t<div class=\"elementor-widget-container\">\n\t\t\t\t\t\t\t<div class=\"elementor-spacer\">\n\t\t\t<div class=\"elementor-spacer-inner\"><\/div>\n\t\t<\/div>\n\t\t\t\t\t\t<\/div>\n\t\t\t\t<\/div>\n\t\t\t\t\t<\/div>\n\t\t\t\t<\/div>\n\t\t<div class=\"elementor-element elementor-element-bd3a3c4 e-con-full e-flex e-con e-parent\" data-id=\"bd3a3c4\" data-element_type=\"container\">\n\t\t<div class=\"elementor-element elementor-element-bbf1491 e-con-full e-flex e-con e-child\" data-id=\"bbf1491\" data-element_type=\"container\">\n\t\t\t\t<div class=\"elementor-element elementor-element-923506e elementor-view-framed elementor-shape-circle elementor-position-top elementor-mobile-position-top elementor-widget elementor-widget-icon-box\" data-id=\"923506e\" data-element_type=\"widget\" data-widget_type=\"icon-box.default\">\n\t\t\t\t<div class=\"elementor-widget-container\">\n\t\t\t\t\t\t\t<div class=\"elementor-icon-box-wrapper\">\n\n\t\t\t\t\t\t<div class=\"elementor-icon-box-icon\">\n\t\t\t\t<span  class=\"elementor-icon\">\n\t\t\t\t<svg aria-hidden=\"true\" class=\"e-font-icon-svg e-fas-ruler-combined\" viewBox=\"0 0 512 512\" xmlns=\"http:\/\/www.w3.org\/2000\/svg\"><path d=\"M160 288h-56c-4.42 0-8-3.58-8-8v-16c0-4.42 3.58-8 8-8h56v-64h-56c-4.42 0-8-3.58-8-8v-16c0-4.42 3.58-8 8-8h56V96h-56c-4.42 0-8-3.58-8-8V72c0-4.42 3.58-8 8-8h56V32c0-17.67-14.33-32-32-32H32C14.33 0 0 14.33 0 32v448c0 2.77.91 5.24 1.57 7.8L160 329.38V288zm320 64h-32v56c0 4.42-3.58 8-8 8h-16c-4.42 0-8-3.58-8-8v-56h-64v56c0 4.42-3.58 8-8 8h-16c-4.42 0-8-3.58-8-8v-56h-64v56c0 4.42-3.58 8-8 8h-16c-4.42 0-8-3.58-8-8v-56h-41.37L24.2 510.43c2.56.66 5.04 1.57 7.8 1.57h448c17.67 0 32-14.33 32-32v-96c0-17.67-14.33-32-32-32z\"><\/path><\/svg>\t\t\t\t<\/span>\n\t\t\t<\/div>\n\t\t\t\n\t\t\t\t\t\t<div class=\"elementor-icon-box-content\">\n\n\t\t\t\t\t\t\t\t\t<h3 class=\"elementor-icon-box-title\">\n\t\t\t\t\t\t<span  >\n\t\t\t\t\t\t\tBaubegleitende Qualit\u00e4tskontrolle\t\t\t\t\t\t<\/span>\n\t\t\t\t\t<\/h3>\n\t\t\t\t\n\t\t\t\t\t\t\t\t\t<p class=\"elementor-icon-box-description\">\n\t\t\t\t\t\t<b>Baubegleitung<\/b>: Regelm\u00e4\u00dfige \u00dcberpr\u00fcfung der Bauausf\u00fchrung im Bereich der Geb\u00e4udetechnik w\u00e4hrend der Bauphase, um die Einhaltung der technischen Normen und Qualit\u00e4tsstandards sicherzustellen.\nM\u00e4ngelerkennung: Fr\u00fchzeitiges Erkennen von Baum\u00e4ngeln und Abweichungen vom Bauplan, um kostspielige Nachbesserungen zu vermeiden.\nAbnahmepr\u00fcfung: Unterst\u00fctzung bei der Bauabnahme, einschlie\u00dflich der Kontrolle von Installationen und Systemen der Geb\u00e4udetechnik.\t\t\t\t\t<\/p>\n\t\t\t\t\n\t\t\t<\/div>\n\t\t\t\n\t\t<\/div>\n\t\t\t\t\t\t<\/div>\n\t\t\t\t<\/div>\n\t\t\t\t<\/div>\n\t\t<div class=\"elementor-element elementor-element-204cce4 e-con-full e-flex e-con e-child\" data-id=\"204cce4\" data-element_type=\"container\">\n\t\t\t\t<div class=\"elementor-element elementor-element-3375b6a elementor-view-framed elementor-shape-circle elementor-position-top elementor-mobile-position-top elementor-widget elementor-widget-icon-box\" data-id=\"3375b6a\" data-element_type=\"widget\" data-widget_type=\"icon-box.default\">\n\t\t\t\t<div class=\"elementor-widget-container\">\n\t\t\t\t\t\t\t<div class=\"elementor-icon-box-wrapper\">\n\n\t\t\t\t\t\t<div class=\"elementor-icon-box-icon\">\n\t\t\t\t<span  class=\"elementor-icon\">\n\t\t\t\t<svg aria-hidden=\"true\" class=\"e-font-icon-svg e-fas-tools\" viewBox=\"0 0 512 512\" xmlns=\"http:\/\/www.w3.org\/2000\/svg\"><path d=\"M501.1 395.7L384 278.6c-23.1-23.1-57.6-27.6-85.4-13.9L192 158.1V96L64 0 0 64l96 128h62.1l106.6 106.6c-13.6 27.8-9.2 62.3 13.9 85.4l117.1 117.1c14.6 14.6 38.2 14.6 52.7 0l52.7-52.7c14.5-14.6 14.5-38.2 0-52.7zM331.7 225c28.3 0 54.9 11 74.9 31l19.4 19.4c15.8-6.9 30.8-16.5 43.8-29.5 37.1-37.1 49.7-89.3 37.9-136.7-2.2-9-13.5-12.1-20.1-5.5l-74.4 74.4-67.9-11.3L334 98.9l74.4-74.4c6.6-6.6 3.4-17.9-5.7-20.2-47.4-11.7-99.6.9-136.6 37.9-28.5 28.5-41.9 66.1-41.2 103.6l82.1 82.1c8.1-1.9 16.5-2.9 24.7-2.9zm-103.9 82l-56.7-56.7L18.7 402.8c-25 25-25 65.5 0 90.5s65.5 25 90.5 0l123.6-123.6c-7.6-19.9-9.9-41.6-5-62.7zM64 472c-13.2 0-24-10.8-24-24 0-13.3 10.7-24 24-24s24 10.7 24 24c0 13.2-10.7 24-24 24z\"><\/path><\/svg>\t\t\t\t<\/span>\n\t\t\t<\/div>\n\t\t\t\n\t\t\t\t\t\t<div class=\"elementor-icon-box-content\">\n\n\t\t\t\t\t\t\t\t\t<h3 class=\"elementor-icon-box-title\">\n\t\t\t\t\t\t<span  >\n\t\t\t\t\t\t\tObjektbegutachtung und Schadensanalyse\t\t\t\t\t\t<\/span>\n\t\t\t\t\t<\/h3>\n\t\t\t\t\n\t\t\t\t\t\t\t\t\t<p class=\"elementor-icon-box-description\">\n\t\t\t\t\t\t<b>Visuelle Inspektion:<\/b> Durchf\u00fchrung einer umfassenden visuellen Inspektion des Geb\u00e4udes zur Identifizierung von Baum\u00e4ngeln, Sch\u00e4den und Abnutzungserscheinungen an der Geb\u00e4udetechnik.\nSchadensbewertung: Analyse und Bewertung der festgestellten Sch\u00e4den, einschlie\u00dflich der Ursachenforschung und Risikoeinsch\u00e4tzung.\nBerichterstellung: Detaillierte Dokumentation der Inspektionsergebnisse in einem Gutachten, mit klaren Empfehlungen f\u00fcr notwendige Sanierungsma\u00dfnahmen.\t\t\t\t\t<\/p>\n\t\t\t\t\n\t\t\t<\/div>\n\t\t\t\n\t\t<\/div>\n\t\t\t\t\t\t<\/div>\n\t\t\t\t<\/div>\n\t\t\t\t<\/div>\n\t\t\t\t<\/div>\n\t\t<div class=\"elementor-element elementor-element-e579887 e-flex e-con-boxed e-con e-parent\" data-id=\"e579887\" data-element_type=\"container\">\n\t\t\t\t\t<div class=\"e-con-inner\">\n\t\t\t\t<div class=\"elementor-element elementor-element-69cb1f0 elementor-widget elementor-widget-spacer\" data-id=\"69cb1f0\" data-element_type=\"widget\" data-widget_type=\"spacer.default\">\n\t\t\t\t<div class=\"elementor-widget-container\">\n\t\t\t\t\t\t\t<div class=\"elementor-spacer\">\n\t\t\t<div class=\"elementor-spacer-inner\"><\/div>\n\t\t<\/div>\n\t\t\t\t\t\t<\/div>\n\t\t\t\t<\/div>\n\t\t\t\t\t<\/div>\n\t\t\t\t<\/div>\n\t\t<div class=\"elementor-element elementor-element-82d2fe2 e-con-full e-flex e-con e-parent\" data-id=\"82d2fe2\" data-element_type=\"container\">\n\t\t<div class=\"elementor-element elementor-element-41ca0f6 e-con-full e-flex e-con e-child\" data-id=\"41ca0f6\" data-element_type=\"container\">\n\t\t\t\t<div class=\"elementor-element elementor-element-d0d23e7 elementor-view-framed elementor-shape-circle elementor-position-top elementor-mobile-position-top elementor-widget elementor-widget-icon-box\" data-id=\"d0d23e7\" data-element_type=\"widget\" data-widget_type=\"icon-box.default\">\n\t\t\t\t<div class=\"elementor-widget-container\">\n\t\t\t\t\t\t\t<div class=\"elementor-icon-box-wrapper\">\n\n\t\t\t\t\t\t<div class=\"elementor-icon-box-icon\">\n\t\t\t\t<span  class=\"elementor-icon\">\n\t\t\t\t<svg aria-hidden=\"true\" class=\"e-font-icon-svg e-fas-store\" viewBox=\"0 0 616 512\" xmlns=\"http:\/\/www.w3.org\/2000\/svg\"><path d=\"M602 118.6L537.1 15C531.3 5.7 521 0 510 0H106C95 0 84.7 5.7 78.9 15L14 118.6c-33.5 53.5-3.8 127.9 58.8 136.4 4.5.6 9.1.9 13.7.9 29.6 0 55.8-13 73.8-33.1 18 20.1 44.3 33.1 73.8 33.1 29.6 0 55.8-13 73.8-33.1 18 20.1 44.3 33.1 73.8 33.1 29.6 0 55.8-13 73.8-33.1 18.1 20.1 44.3 33.1 73.8 33.1 4.7 0 9.2-.3 13.7-.9 62.8-8.4 92.6-82.8 59-136.4zM529.5 288c-10 0-19.9-1.5-29.5-3.8V384H116v-99.8c-9.6 2.2-19.5 3.8-29.5 3.8-6 0-12.1-.4-18-1.2-5.6-.8-11.1-2.1-16.4-3.6V480c0 17.7 14.3 32 32 32h448c17.7 0 32-14.3 32-32V283.2c-5.4 1.6-10.8 2.9-16.4 3.6-6.1.8-12.1 1.2-18.2 1.2z\"><\/path><\/svg>\t\t\t\t<\/span>\n\t\t\t<\/div>\n\t\t\t\n\t\t\t\t\t\t<div class=\"elementor-icon-box-content\">\n\n\t\t\t\t\t\t\t\t\t<h3 class=\"elementor-icon-box-title\">\n\t\t\t\t\t\t<span  >\n\t\t\t\t\t\t\t Bewertung von Bestandsgeb\u00e4uden\t\t\t\t\t\t<\/span>\n\t\t\t\t\t<\/h3>\n\t\t\t\t\n\t\t\t\t\t\t\t\t\t<p class=\"elementor-icon-box-description\">\n\t\t\t\t\t\t<b>Zustandsbewertung:<\/b> \u00dcberpr\u00fcfung des technischen Zustands von Bestandsgeb\u00e4uden, insbesondere der haustechnischen Anlagen wie Heizung, L\u00fcftung, Sanit\u00e4r und Elektroinstallationen.\nWertgutachten: Erstellung von Gutachten zur Wertermittlung von Geb\u00e4uden unter Ber\u00fccksichtigung des technischen Zustands und der Geb\u00e4udetechnik.\t\t\t\t\t<\/p>\n\t\t\t\t\n\t\t\t<\/div>\n\t\t\t\n\t\t<\/div>\n\t\t\t\t\t\t<\/div>\n\t\t\t\t<\/div>\n\t\t\t\t<\/div>\n\t\t<div class=\"elementor-element elementor-element-0ddecf9 e-con-full e-flex e-con e-child\" data-id=\"0ddecf9\" data-element_type=\"container\">\n\t\t\t\t<div class=\"elementor-element elementor-element-2b47274 elementor-view-framed elementor-shape-circle elementor-position-top elementor-mobile-position-top elementor-widget elementor-widget-icon-box\" data-id=\"2b47274\" data-element_type=\"widget\" data-widget_type=\"icon-box.default\">\n\t\t\t\t<div class=\"elementor-widget-container\">\n\t\t\t\t\t\t\t<div class=\"elementor-icon-box-wrapper\">\n\n\t\t\t\t\t\t<div class=\"elementor-icon-box-icon\">\n\t\t\t\t<span  class=\"elementor-icon\">\n\t\t\t\t<svg aria-hidden=\"true\" class=\"e-font-icon-svg e-fas-warehouse\" viewBox=\"0 0 640 512\" xmlns=\"http:\/\/www.w3.org\/2000\/svg\"><path d=\"M504 352H136.4c-4.4 0-8 3.6-8 8l-.1 48c0 4.4 3.6 8 8 8H504c4.4 0 8-3.6 8-8v-48c0-4.4-3.6-8-8-8zm0 96H136.1c-4.4 0-8 3.6-8 8l-.1 48c0 4.4 3.6 8 8 8h368c4.4 0 8-3.6 8-8v-48c0-4.4-3.6-8-8-8zm0-192H136.6c-4.4 0-8 3.6-8 8l-.1 48c0 4.4 3.6 8 8 8H504c4.4 0 8-3.6 8-8v-48c0-4.4-3.6-8-8-8zm106.5-139L338.4 3.7a48.15 48.15 0 0 0-36.9 0L29.5 117C11.7 124.5 0 141.9 0 161.3V504c0 4.4 3.6 8 8 8h80c4.4 0 8-3.6 8-8V256c0-17.6 14.6-32 32.6-32h382.8c18 0 32.6 14.4 32.6 32v248c0 4.4 3.6 8 8 8h80c4.4 0 8-3.6 8-8V161.3c0-19.4-11.7-36.8-29.5-44.3z\"><\/path><\/svg>\t\t\t\t<\/span>\n\t\t\t<\/div>\n\t\t\t\n\t\t\t\t\t\t<div class=\"elementor-icon-box-content\">\n\n\t\t\t\t\t\t\t\t\t<h3 class=\"elementor-icon-box-title\">\n\t\t\t\t\t\t<span  >\n\t\t\t\t\t\t\tBeratung und Unterst\u00fctzung bei Streitf\u00e4llen\t\t\t\t\t\t<\/span>\n\t\t\t\t\t<\/h3>\n\t\t\t\t\n\t\t\t\t\t\t\t\t\t<p class=\"elementor-icon-box-description\">\n\t\t\t\t\t\tErstellung von neutralen Gutachten zur Kl\u00e4rung von Streitf\u00e4llen zwischen Bauherren, Auftraggebern und Handwerksbetrieben.\t\t\t\t\t<\/p>\n\t\t\t\t\n\t\t\t<\/div>\n\t\t\t\n\t\t<\/div>\n\t\t\t\t\t\t<\/div>\n\t\t\t\t<\/div>\n\t\t\t\t<\/div>\n\t\t\t\t<\/div>\n\t\t<div class=\"elementor-element elementor-element-550167a e-flex e-con-boxed e-con e-parent\" data-id=\"550167a\" data-element_type=\"container\">\n\t\t\t\t\t<div class=\"e-con-inner\">\n\t\t\t\t<div class=\"elementor-element elementor-element-518acde elementor-widget-divider--view-line elementor-widget elementor-widget-divider\" data-id=\"518acde\" data-element_type=\"widget\" data-widget_type=\"divider.default\">\n\t\t\t\t<div class=\"elementor-widget-container\">\n\t\t\t\t\t\t\t<div class=\"elementor-divider\">\n\t\t\t<span class=\"elementor-divider-separator\">\n\t\t\t\t\t\t<\/span>\n\t\t<\/div>\n\t\t\t\t\t\t<\/div>\n\t\t\t\t<\/div>\n\t\t\t\t\t<\/div>\n\t\t\t\t<\/div>\n\t\t\t\t<\/div>\n\t\t","protected":false},"excerpt":{"rendered":"<p>Baubegleitende Qualit\u00e4tskontrolleBaubegleitung: Regelm\u00e4\u00dfige \u00dcberpr\u00fcfung der Bauausf\u00fchrung im Bereich der Geb\u00e4udetechnik w\u00e4hrend der Bauphase, um die Einhaltung der technischen Normen und Qualit\u00e4tsstandards sicherzustellen. M\u00e4ngelerkennung: Fr\u00fchzeitiges Erkennen von Baum\u00e4ngeln und Abweichungen vom Bauplan, um kostspielige Nachbesserungen zu vermeiden. Abnahmepr\u00fcfung: Unterst\u00fctzung bei der Bauabnahme, einschlie\u00dflich der Kontrolle von Installationen und Systemen der Geb\u00e4udetechnik.PortfolioObjektbegutachtung und SchadensanalyseVisuelle Inspektion: Durchf\u00fchrung einer [&hellip;]<\/p>\n","protected":false},"author":1,"featured_media":0,"parent":0,"menu_order":0,"comment_status":"closed","ping_status":"open","template":"","meta":{"footnotes":""},"class_list":["post-2","page","type-page","status-publish","hentry"],"_links":{"self":[{"href":"https:\/\/koerner-sachverstaendiger.de\/index.php?rest_route=\/wp\/v2\/pages\/2","targetHints":{"allow":["GET"]}}],"collection":[{"href":"https:\/\/koerner-sachverstaendiger.de\/index.php?rest_route=\/wp\/v2\/pages"}],"about":[{"href":"https:\/\/koerner-sachverstaendiger.de\/index.php?rest_route=\/wp\/v2\/types\/page"}],"author":[{"embeddable":true,"href":"https:\/\/koerner-sachverstaendiger.de\/index.php?rest_route=\/wp\/v2\/users\/1"}],"replies":[{"embeddable":true,"href":"https:\/\/koerner-sachverstaendiger.de\/index.php?rest_route=%2Fwp%2Fv2%2Fcomments&post=2"}],"version-history":[{"count":10,"href":"https:\/\/koerner-sachverstaendiger.de\/index.php?rest_route=\/wp\/v2\/pages\/2\/revisions"}],"predecessor-version":[{"id":484,"href":"https:\/\/koerner-sachverstaendiger.de\/index.php?rest_route=\/wp\/v2\/pages\/2\/revisions\/484"}],"wp:attachment":[{"href":"https:\/\/koerner-sachverstaendiger.de\/index.php?rest_route=%2Fwp%2Fv2%2Fmedia&parent=2"}],"curies":[{"name":"wp","href":"https:\/\/api.w.org\/{rel}","templated":true}]}}