{"id":258,"date":"2024-09-19T11:15:03","date_gmt":"2024-09-19T09:15:03","guid":{"rendered":"http:\/\/koerner-sachverstaendiger.de\/?page_id=258"},"modified":"2024-09-19T20:01:33","modified_gmt":"2024-09-19T18:01:33","slug":"elementor-258","status":"publish","type":"page","link":"https:\/\/koerner-sachverstaendiger.de\/?page_id=258","title":{"rendered":"\u00dcber mich"},"content":{"rendered":"\t\t<div data-elementor-type=\"wp-page\" data-elementor-id=\"258\" class=\"elementor elementor-258\" data-elementor-post-type=\"page\">\n\t\t\t\t<div class=\"elementor-element elementor-element-1371305 e-flex e-con-boxed e-con e-parent\" data-id=\"1371305\" data-element_type=\"container\">\n\t\t\t\t\t<div class=\"e-con-inner\">\n\t\t\t\t<div class=\"elementor-element elementor-element-611f3ee elementor-widget elementor-widget-spacer\" data-id=\"611f3ee\" data-element_type=\"widget\" data-widget_type=\"spacer.default\">\n\t\t\t\t<div class=\"elementor-widget-container\">\n\t\t\t\t\t\t\t<div class=\"elementor-spacer\">\n\t\t\t<div class=\"elementor-spacer-inner\"><\/div>\n\t\t<\/div>\n\t\t\t\t\t\t<\/div>\n\t\t\t\t<\/div>\n\t\t\t\t\t<\/div>\n\t\t\t\t<\/div>\n\t\t<div class=\"elementor-element elementor-element-3d89e0b e-con-full e-flex e-con e-parent\" data-id=\"3d89e0b\" data-element_type=\"container\">\n\t\t<div class=\"elementor-element elementor-element-bdc4cb1 e-con-full e-flex e-con e-child\" data-id=\"bdc4cb1\" data-element_type=\"container\">\n\t\t\t\t<div class=\"elementor-element elementor-element-6c7eded elementor-widget elementor-widget-image\" data-id=\"6c7eded\" data-element_type=\"widget\" data-widget_type=\"image.default\">\n\t\t\t\t<div class=\"elementor-widget-container\">\n\t\t\t\t\t\t\t\t\t\t\t\t\t\t\t<img fetchpriority=\"high\" decoding=\"async\" width=\"517\" height=\"780\" src=\"https:\/\/koerner-sachverstaendiger.de\/wp-content\/uploads\/2024\/09\/personi.jpg\" class=\"attachment-medium_large size-medium_large wp-image-389\" alt=\"\" srcset=\"https:\/\/koerner-sachverstaendiger.de\/wp-content\/uploads\/2024\/09\/personi.jpg 517w, https:\/\/koerner-sachverstaendiger.de\/wp-content\/uploads\/2024\/09\/personi-199x300.jpg 199w\" sizes=\"(max-width: 517px) 100vw, 517px\" \/>\t\t\t\t\t\t\t\t\t\t\t\t\t\t\t<\/div>\n\t\t\t\t<\/div>\n\t\t\t\t<\/div>\n\t\t<div class=\"elementor-element elementor-element-dcd770b e-con-full e-flex e-con e-child\" data-id=\"dcd770b\" data-element_type=\"container\">\n\t\t<div class=\"elementor-element elementor-element-ad93159 e-con-full e-flex e-con e-child\" data-id=\"ad93159\" data-element_type=\"container\">\n\t\t\t\t<div class=\"elementor-element elementor-element-6b2eb9e elementor--h-position-center elementor--v-position-middle elementor-arrows-position-inside elementor-widget elementor-widget-slides\" data-id=\"6b2eb9e\" data-element_type=\"widget\" data-settings=\"{&quot;navigation&quot;:&quot;arrows&quot;,&quot;autoplay_speed&quot;:3703,&quot;motion_fx_motion_fx_scrolling&quot;:&quot;yes&quot;,&quot;autoplay&quot;:&quot;yes&quot;,&quot;pause_on_hover&quot;:&quot;yes&quot;,&quot;pause_on_interaction&quot;:&quot;yes&quot;,&quot;infinite&quot;:&quot;yes&quot;,&quot;transition&quot;:&quot;slide&quot;,&quot;transition_speed&quot;:500,&quot;motion_fx_devices&quot;:[&quot;desktop&quot;,&quot;tablet&quot;,&quot;mobile&quot;]}\" data-widget_type=\"slides.default\">\n\t\t\t\t<div class=\"elementor-widget-container\">\n\t\t\t\t\t\t\t\t\t<div class=\"elementor-swiper\">\n\t\t\t\t\t<div class=\"elementor-slides-wrapper elementor-main-swiper swiper\" role=\"region\" aria-roledescription=\"carousel\" aria-label=\"Slider\" dir=\"ltr\" data-animation=\"fadeInUp\">\n\t\t\t\t<div class=\"swiper-wrapper elementor-slides\">\n\t\t\t\t\t\t\t\t\t\t<div class=\"elementor-repeater-item-603ad51 swiper-slide\" role=\"group\" aria-roledescription=\"slide\"><div class=\"swiper-slide-bg\"><\/div><div class=\"swiper-slide-inner\" ><div class=\"swiper-slide-contents\"><div class=\"elementor-slide-description\"><h2>Bei der  Handwerkskammer Dortmund erworbener Sanit\u00e4r- und Heizungsbaumeister.<\/div><\/div><\/div><\/div><div class=\"elementor-repeater-item-e9f48dc swiper-slide\" role=\"group\" aria-roledescription=\"slide\"><div class=\"swiper-slide-bg\"><\/div><div class=\"swiper-slide-inner\" ><div class=\"swiper-slide-contents\"><div class=\"elementor-slide-description\"><h2>Sachkundiger f\u00fcr W\u00e4rmepumpensystem nach VDI 4645 (P+E)<\/div><\/div><\/div><\/div><div class=\"elementor-repeater-item-5048cdb swiper-slide\" role=\"group\" aria-roledescription=\"slide\"><div class=\"swiper-slide-bg\"><\/div><div class=\"swiper-slide-inner\" ><div class=\"swiper-slide-contents\"><div class=\"elementor-slide-description\"><h3>Sachverst\u00e4ndiger f\u00fcr Haus- und Geb\u00e4udetechnik, verbandsgepr\u00fcfter und in der Sachverst\u00e4ndigenrolle der DESAG (Deutsche Sachverst\u00e4ndigen Gesellschaft) eingetragenes Mitglied.<\/div><\/div><\/div><\/div>\t\t\t\t<\/div>\n\t\t\t\t\t\t\t\t\t\t\t\t\t\t\t<div class=\"elementor-swiper-button elementor-swiper-button-prev\" role=\"button\" tabindex=\"0\" aria-label=\"Vorheriger Slide\">\n\t\t\t\t\t\t\t<svg aria-hidden=\"true\" class=\"e-font-icon-svg e-eicon-chevron-left\" viewBox=\"0 0 1000 1000\" xmlns=\"http:\/\/www.w3.org\/2000\/svg\"><path d=\"M646 125C629 125 613 133 604 142L308 442C296 454 292 471 292 487 292 504 296 521 308 533L604 854C617 867 629 875 646 875 663 875 679 871 692 858 704 846 713 829 713 812 713 796 708 779 692 767L438 487 692 225C700 217 708 204 708 187 708 171 704 154 692 142 675 129 663 125 646 125Z\"><\/path><\/svg>\t\t\t\t\t\t<\/div>\n\t\t\t\t\t\t<div class=\"elementor-swiper-button elementor-swiper-button-next\" role=\"button\" tabindex=\"0\" aria-label=\"N\u00e4chster Slide\">\n\t\t\t\t\t\t\t<svg aria-hidden=\"true\" class=\"e-font-icon-svg e-eicon-chevron-right\" viewBox=\"0 0 1000 1000\" xmlns=\"http:\/\/www.w3.org\/2000\/svg\"><path d=\"M696 533C708 521 713 504 713 487 713 471 708 454 696 446L400 146C388 133 375 125 354 125 338 125 325 129 313 142 300 154 292 171 292 187 292 204 296 221 308 233L563 492 304 771C292 783 288 800 288 817 288 833 296 850 308 863 321 871 338 875 354 875 371 875 388 867 400 854L696 533Z\"><\/path><\/svg>\t\t\t\t\t\t<\/div>\n\t\t\t\t\t\t\t\t\t\t\t\t\t\t\t\t\t<\/div>\n\t\t\t\t<\/div>\n\t\t\t\t\t\t\t\t<\/div>\n\t\t\t\t<\/div>\n\t\t\t\t<\/div>\n\t\t<div class=\"elementor-element elementor-element-1992d0d e-con-full e-flex e-con e-child\" data-id=\"1992d0d\" data-element_type=\"container\">\n\t\t\t\t<div class=\"elementor-element elementor-element-9c7d4a7 elementor-widget elementor-widget-text-editor\" data-id=\"9c7d4a7\" data-element_type=\"widget\" data-widget_type=\"text-editor.default\">\n\t\t\t\t<div class=\"elementor-widget-container\">\n\t\t\t\t\t\t\t\t\t<p><span style=\"font-family: ebrima; font-size: 22px;\">Marco K\u00f6rner<\/span><\/p><ul><li><span style=\"font-family: ebrima;\">Bei der\u00a0 Handwerkskammer Dortmund erworbener Sanit\u00e4r- und Heizungsbaumeister.<\/span><\/li><li><span style=\"font-family: ebrima;\">Sachkundiger f\u00fcr W\u00e4rmepumpensystem nach VDI 4645 (P+E)<\/span><\/li><li><span style=\"font-family: ebrima;\">Sachverst\u00e4ndiger f\u00fcr Haus- und Geb\u00e4udetechnik, verbandsgepr\u00fcfter und in der Sachverst\u00e4ndigenrolle der DESAG (Deutsche Sachverst\u00e4ndigen Gesellschaft) eingetragenes Mitglied.<\/span><\/li><\/ul><p>\u00a0<\/p><p><span style=\"font-family: ebrima;\">Mittlerweile blicke ich auf \u00fcber 30 Jahre Berufserfahrung. Eine umfassende Betreuung und Beratung ist f\u00fcr mich selbstverst\u00e4ndlich.<\/span><\/p>\t\t\t\t\t\t\t\t<\/div>\n\t\t\t\t<\/div>\n\t\t\t\t<\/div>\n\t\t\t\t<\/div>\n\t\t\t\t<\/div>\n\t\t<div class=\"elementor-element elementor-element-2af69f2 e-flex e-con-boxed e-con e-parent\" data-id=\"2af69f2\" data-element_type=\"container\">\n\t\t\t\t\t<div class=\"e-con-inner\">\n\t\t\t\t\t<\/div>\n\t\t\t\t<\/div>\n\t\t\t\t<\/div>\n\t\t","protected":false},"excerpt":{"rendered":"<p>Bei der Handwerkskammer Dortmund erworbener Sanit\u00e4r- und Heizungsbaumeister. Sachkundiger f\u00fcr W\u00e4rmepumpensystem nach VDI 4645 (P+E) Sachverst\u00e4ndiger f\u00fcr Haus- und Geb\u00e4udetechnik, verbandsgepr\u00fcfter und in der Sachverst\u00e4ndigenrolle der DESAG (Deutsche Sachverst\u00e4ndigen Gesellschaft) eingetragenes Mitglied. Previous slide Next slide Marco K\u00f6rner Bei der\u00a0 Handwerkskammer Dortmund erworbener Sanit\u00e4r- und Heizungsbaumeister. Sachkundiger f\u00fcr W\u00e4rmepumpensystem nach VDI 4645 (P+E) Sachverst\u00e4ndiger f\u00fcr [&hellip;]<\/p>\n","protected":false},"author":1,"featured_media":0,"parent":0,"menu_order":0,"comment_status":"closed","ping_status":"closed","template":"","meta":{"footnotes":""},"class_list":["post-258","page","type-page","status-publish","hentry"],"_links":{"self":[{"href":"https:\/\/koerner-sachverstaendiger.de\/index.php?rest_route=\/wp\/v2\/pages\/258","targetHints":{"allow":["GET"]}}],"collection":[{"href":"https:\/\/koerner-sachverstaendiger.de\/index.php?rest_route=\/wp\/v2\/pages"}],"about":[{"href":"https:\/\/koerner-sachverstaendiger.de\/index.php?rest_route=\/wp\/v2\/types\/page"}],"author":[{"embeddable":true,"href":"https:\/\/koerner-sachverstaendiger.de\/index.php?rest_route=\/wp\/v2\/users\/1"}],"replies":[{"embeddable":true,"href":"https:\/\/koerner-sachverstaendiger.de\/index.php?rest_route=%2Fwp%2Fv2%2Fcomments&post=258"}],"version-history":[{"count":10,"href":"https:\/\/koerner-sachverstaendiger.de\/index.php?rest_route=\/wp\/v2\/pages\/258\/revisions"}],"predecessor-version":[{"id":419,"href":"https:\/\/koerner-sachverstaendiger.de\/index.php?rest_route=\/wp\/v2\/pages\/258\/revisions\/419"}],"wp:attachment":[{"href":"https:\/\/koerner-sachverstaendiger.de\/index.php?rest_route=%2Fwp%2Fv2%2Fmedia&parent=258"}],"curies":[{"name":"wp","href":"https:\/\/api.w.org\/{rel}","templated":true}]}}