{"id":442,"date":"2024-09-20T15:04:24","date_gmt":"2024-09-20T13:04:24","guid":{"rendered":"https:\/\/koerner-sachverstaendiger.de\/?page_id=442"},"modified":"2024-11-05T11:21:26","modified_gmt":"2024-11-05T10:21:26","slug":"portfolio","status":"publish","type":"page","link":"https:\/\/koerner-sachverstaendiger.de\/?page_id=442","title":{"rendered":"Portfolio"},"content":{"rendered":"\t\t<div data-elementor-type=\"wp-page\" data-elementor-id=\"442\" class=\"elementor elementor-442\" data-elementor-post-type=\"page\">\n\t\t\t\t<div class=\"elementor-element elementor-element-5ee8cba e-flex e-con-boxed e-con e-parent\" data-id=\"5ee8cba\" data-element_type=\"container\">\n\t\t\t\t\t<div class=\"e-con-inner\">\n\t\t\t\t<div class=\"elementor-element elementor-element-6d4f16b elementor-widget elementor-widget-spacer\" data-id=\"6d4f16b\" data-element_type=\"widget\" data-widget_type=\"spacer.default\">\n\t\t\t\t<div class=\"elementor-widget-container\">\n\t\t\t\t\t\t\t<div class=\"elementor-spacer\">\n\t\t\t<div class=\"elementor-spacer-inner\"><\/div>\n\t\t<\/div>\n\t\t\t\t\t\t<\/div>\n\t\t\t\t<\/div>\n\t\t\t\t\t<\/div>\n\t\t\t\t<\/div>\n\t\t<div class=\"elementor-element elementor-element-3c6e03a e-con-full e-flex e-con e-parent\" data-id=\"3c6e03a\" data-element_type=\"container\" data-settings=\"{&quot;background_background&quot;:&quot;slideshow&quot;,&quot;background_slideshow_gallery&quot;:[{&quot;id&quot;:432,&quot;url&quot;:&quot;http:\\\/\\\/koerner-sachverstaendiger.de\\\/wp-content\\\/uploads\\\/2024\\\/09\\\/iStock-1470745396.jpg&quot;},{&quot;id&quot;:433,&quot;url&quot;:&quot;http:\\\/\\\/koerner-sachverstaendiger.de\\\/wp-content\\\/uploads\\\/2024\\\/09\\\/iStock-1496915186.jpg&quot;},{&quot;id&quot;:434,&quot;url&quot;:&quot;http:\\\/\\\/koerner-sachverstaendiger.de\\\/wp-content\\\/uploads\\\/2024\\\/09\\\/iStock-1403469832-scaled.jpg&quot;},{&quot;id&quot;:438,&quot;url&quot;:&quot;http:\\\/\\\/koerner-sachverstaendiger.de\\\/wp-content\\\/uploads\\\/2024\\\/09\\\/iStock-1426308347.jpg&quot;}],&quot;background_slideshow_loop&quot;:&quot;yes&quot;,&quot;background_slideshow_slide_duration&quot;:5000,&quot;background_slideshow_slide_transition&quot;:&quot;fade&quot;,&quot;background_slideshow_transition_duration&quot;:500}\">\n\t\t<div class=\"elementor-element elementor-element-6039099 e-con-full e-flex e-con e-child\" data-id=\"6039099\" data-element_type=\"container\">\n\t\t\t\t<\/div>\n\t\t<div class=\"elementor-element elementor-element-9921fc7 e-con-full e-flex e-con e-child\" data-id=\"9921fc7\" data-element_type=\"container\">\n\t\t\t\t<div class=\"elementor-element elementor-element-d37cda7 elementor-widget elementor-widget-text-editor\" data-id=\"d37cda7\" data-element_type=\"widget\" data-widget_type=\"text-editor.default\">\n\t\t\t\t<div class=\"elementor-widget-container\">\n\t\t\t\t\t\t\t\t\t<h3 class=\"elementor-icon-box-title\"><span style=\"font-family: ebrima; color: #ffffff;\">Baubegleitende Qualit\u00e4tskontrolle<\/span><\/h3><p><span style=\"font-family: ebrima; color: #ffffff;\"><b>Baubegleitung<\/b>:<\/span><\/p><p><span style=\"font-family: ebrima; color: #ffffff;\"> Regelm\u00e4\u00dfige \u00dcberpr\u00fcfung der Bauausf\u00fchrung im Bereich der Geb\u00e4udetechnik w\u00e4hrend der Bauphase, um die Einhaltung der technischen Normen und Qualit\u00e4tsstandards sicherzustellen. M\u00e4ngelerkennung: Fr\u00fchzeitiges Erkennen von Baum\u00e4ngeln und Abweichungen vom Bauplan, um kostspielige Nachbesserungen zu vermeiden. Abnahmepr\u00fcfung: Unterst\u00fctzung bei der Bauabnahme, einschlie\u00dflich der Kontrolle von Installationen und Systemen der Geb\u00e4udetechnik.<\/span><\/p>\t\t\t\t\t\t\t\t<\/div>\n\t\t\t\t<\/div>\n\t\t\t\t<\/div>\n\t\t<div class=\"elementor-element elementor-element-3152912 e-con-full e-flex e-con e-child\" data-id=\"3152912\" data-element_type=\"container\">\n\t\t\t\t<\/div>\n\t\t<div class=\"elementor-element elementor-element-5ada5be e-con-full e-flex e-con e-child\" data-id=\"5ada5be\" data-element_type=\"container\">\n\t\t\t\t<div class=\"elementor-element elementor-element-970c78b elementor-widget elementor-widget-text-editor\" data-id=\"970c78b\" data-element_type=\"widget\" data-widget_type=\"text-editor.default\">\n\t\t\t\t<div class=\"elementor-widget-container\">\n\t\t\t\t\t\t\t\t\t<p style=\"text-align: left;\"><span style=\"font-size: 40px;\"><span style=\"font-family: ebrima;\">&#8230;mein Portfolio<\/span><\/span><\/p>\t\t\t\t\t\t\t\t<\/div>\n\t\t\t\t<\/div>\n\t\t\t\t<\/div>\n\t\t<div class=\"elementor-element elementor-element-d1a4ed7 e-con-full e-flex e-con e-child\" data-id=\"d1a4ed7\" data-element_type=\"container\">\n\t\t\t\t<\/div>\n\t\t<div class=\"elementor-element elementor-element-e55b98d e-con-full e-flex e-con e-child\" data-id=\"e55b98d\" data-element_type=\"container\">\n\t\t\t\t<div class=\"elementor-element elementor-element-b67786d elementor-widget elementor-widget-text-editor\" data-id=\"b67786d\" data-element_type=\"widget\" data-widget_type=\"text-editor.default\">\n\t\t\t\t<div class=\"elementor-widget-container\">\n\t\t\t\t\t\t\t\t\t<h3 class=\"elementor-icon-box-title\"><span style=\"font-family: ebrima; color: #ffffff;\">Objektbegutachtung und Schadensanalyse<\/span><\/h3><p><span style=\"font-family: ebrima; color: #ffffff;\"><b>Visuelle Inspektion:<\/b><\/span><\/p><p><span style=\"font-family: ebrima; color: #ffffff;\">\u00a0Durchf\u00fchrung einer umfassenden visuellen Inspektion des Geb\u00e4udes zur Identifizierung von Baum\u00e4ngeln, Sch\u00e4den und Abnutzungserscheinungen an der Geb\u00e4udetechnik. Schadensbewertung: Analyse und Bewertung der festgestellten Sch\u00e4den, einschlie\u00dflich der Ursachenforschung und Risikoeinsch\u00e4tzung. Berichterstellung: Detaillierte Dokumentation der Inspektionsergebnisse in einem Gutachten, mit klaren Empfehlungen f\u00fcr notwendige Sanierungsma\u00dfnahmen.<\/span><\/p>\t\t\t\t\t\t\t\t<\/div>\n\t\t\t\t<\/div>\n\t\t\t\t<\/div>\n\t\t<div class=\"elementor-element elementor-element-46eadee e-con-full e-flex e-con e-child\" data-id=\"46eadee\" data-element_type=\"container\">\n\t\t\t\t<div class=\"elementor-element elementor-element-7f6f479 elementor-widget elementor-widget-text-editor\" data-id=\"7f6f479\" data-element_type=\"widget\" data-widget_type=\"text-editor.default\">\n\t\t\t\t<div class=\"elementor-widget-container\">\n\t\t\t\t\t\t\t\t\t<h2 class=\"elementor-icon-box-title\"><span style=\"color: #ffffff; font-family: ebrima; font-size: 31px;\">Bewertung von Bestandsgeb\u00e4uden<\/span><\/h2><p class=\"elementor-icon-box-description\"><span style=\"color: #ffffff; font-family: ebrima;\"><b>Zustandsbewertung:<\/b>\u00a0<\/span><\/p><p class=\"elementor-icon-box-description\"><span style=\"color: #ffffff; font-family: ebrima;\">\u00dcberpr\u00fcfung des technischen Zustands von Bestandsgeb\u00e4uden, insbesondere der haustechnischen Anlagen wie Heizung, L\u00fcftung, Sanit\u00e4r und Elektroinstallationen. Wertgutachten: Erstellung von Gutachten zur Wertermittlung von Geb\u00e4uden unter Ber\u00fccksichtigung des technischen Zustands und der Geb\u00e4udete<\/span><span style=\"color: #ffffff; font-family: ebrima;\">chnik<\/span><\/p>\t\t\t\t\t\t\t\t<\/div>\n\t\t\t\t<\/div>\n\t\t\t\t<div class=\"elementor-element elementor-element-5fa8d41 elementor-widget elementor-widget-text-editor\" data-id=\"5fa8d41\" data-element_type=\"widget\" data-widget_type=\"text-editor.default\">\n\t\t\t\t<div class=\"elementor-widget-container\">\n\t\t\t\t\t\t\t\t\t<h3><\/h3>\n<h3 class=\"elementor-icon-box-title\"><span style=\"font-family: ebrima; color: #ffffff;\">Beratung und Unterst\u00fctzung bei Streitf\u00e4llen<\/span><\/h3>\n<span style=\"font-family: ebrima; color: #ffffff;\">Erstellung von neutralen Gutachten zur Kl\u00e4rung von Streitf\u00e4llen zwischen Bauherren, Auftraggebern und Handwerksbetrieben.<\/span>\t\t\t\t\t\t\t\t<\/div>\n\t\t\t\t<\/div>\n\t\t\t\t<\/div>\n\t\t<div class=\"elementor-element elementor-element-b20dfe1 e-con-full e-flex e-con e-child\" data-id=\"b20dfe1\" data-element_type=\"container\">\n\t\t\t\t<\/div>\n\t\t<div class=\"elementor-element elementor-element-4dd1b89 e-con-full e-flex e-con e-child\" data-id=\"4dd1b89\" data-element_type=\"container\">\n\t\t\t\t<\/div>\n\t\t\t\t<\/div>\n\t\t\t\t<\/div>\n\t\t","protected":false},"excerpt":{"rendered":"<p>Baubegleitende Qualit\u00e4tskontrolle Baubegleitung: Regelm\u00e4\u00dfige \u00dcberpr\u00fcfung der Bauausf\u00fchrung im Bereich der Geb\u00e4udetechnik w\u00e4hrend der Bauphase, um die Einhaltung der technischen Normen und Qualit\u00e4tsstandards sicherzustellen. M\u00e4ngelerkennung: Fr\u00fchzeitiges Erkennen von Baum\u00e4ngeln und Abweichungen vom Bauplan, um kostspielige Nachbesserungen zu vermeiden. Abnahmepr\u00fcfung: Unterst\u00fctzung bei der Bauabnahme, einschlie\u00dflich der Kontrolle von Installationen und Systemen der Geb\u00e4udetechnik. &#8230;mein Portfolio Objektbegutachtung und [&hellip;]<\/p>\n","protected":false},"author":1,"featured_media":0,"parent":0,"menu_order":0,"comment_status":"closed","ping_status":"closed","template":"","meta":{"footnotes":""},"class_list":["post-442","page","type-page","status-publish","hentry"],"_links":{"self":[{"href":"https:\/\/koerner-sachverstaendiger.de\/index.php?rest_route=\/wp\/v2\/pages\/442","targetHints":{"allow":["GET"]}}],"collection":[{"href":"https:\/\/koerner-sachverstaendiger.de\/index.php?rest_route=\/wp\/v2\/pages"}],"about":[{"href":"https:\/\/koerner-sachverstaendiger.de\/index.php?rest_route=\/wp\/v2\/types\/page"}],"author":[{"embeddable":true,"href":"https:\/\/koerner-sachverstaendiger.de\/index.php?rest_route=\/wp\/v2\/users\/1"}],"replies":[{"embeddable":true,"href":"https:\/\/koerner-sachverstaendiger.de\/index.php?rest_route=%2Fwp%2Fv2%2Fcomments&post=442"}],"version-history":[{"count":10,"href":"https:\/\/koerner-sachverstaendiger.de\/index.php?rest_route=\/wp\/v2\/pages\/442\/revisions"}],"predecessor-version":[{"id":481,"href":"https:\/\/koerner-sachverstaendiger.de\/index.php?rest_route=\/wp\/v2\/pages\/442\/revisions\/481"}],"wp:attachment":[{"href":"https:\/\/koerner-sachverstaendiger.de\/index.php?rest_route=%2Fwp%2Fv2%2Fmedia&parent=442"}],"curies":[{"name":"wp","href":"https:\/\/api.w.org\/{rel}","templated":true}]}}